{"id":1078,"date":"2025-09-08T13:12:07","date_gmt":"2025-09-08T13:12:07","guid":{"rendered":"https:\/\/coopfeagropaz.org\/?page_id=1078"},"modified":"2025-09-08T13:20:29","modified_gmt":"2025-09-08T13:20:29","slug":"programa-de-vivienda-agroindustrial-rural-y-urbana-a-nivel-nacional","status":"publish","type":"page","link":"https:\/\/coopfeagropaz.org\/index.php\/programa-de-vivienda-agroindustrial-rural-y-urbana-a-nivel-nacional\/","title":{"rendered":"PROGRAMA DE VIVIENDA AGROINDUSTRIAL RURAL Y URBANA A NIVEL NACIONAL"},"content":{"rendered":"\t\t<div data-elementor-type=\"wp-page\" data-elementor-id=\"1078\" class=\"elementor elementor-1078\" data-elementor-post-type=\"page\">\n\t\t\t\t\t\t<section class=\"elementor-section elementor-top-section elementor-element elementor-element-fbfe02a elementor-section-boxed elementor-section-height-default elementor-section-height-default\" data-id=\"fbfe02a\" data-element_type=\"section\">\n\t\t\t\t\t\t<div class=\"elementor-container elementor-column-gap-default\">\n\t\t\t\t\t<div class=\"elementor-column elementor-col-100 elementor-top-column elementor-element elementor-element-410e5d1\" data-id=\"410e5d1\" data-element_type=\"column\">\n\t\t\t<div class=\"elementor-widget-wrap elementor-element-populated\">\n\t\t\t\t\t\t<div class=\"elementor-element elementor-element-f6c84f2 elementor--h-position-center elementor--v-position-middle elementor-arrows-position-inside elementor-pagination-position-inside elementor-widget elementor-widget-slides\" data-id=\"f6c84f2\" data-element_type=\"widget\" data-settings=\"{&quot;navigation&quot;:&quot;both&quot;,&quot;autoplay&quot;:&quot;yes&quot;,&quot;pause_on_hover&quot;:&quot;yes&quot;,&quot;pause_on_interaction&quot;:&quot;yes&quot;,&quot;autoplay_speed&quot;:5000,&quot;infinite&quot;:&quot;yes&quot;,&quot;transition&quot;:&quot;slide&quot;,&quot;transition_speed&quot;:500}\" data-widget_type=\"slides.default\">\n\t\t\t\t<div class=\"elementor-widget-container\">\n\t\t\t\t\t\t\t\t\t<div class=\"elementor-swiper\">\n\t\t\t\t\t<div class=\"elementor-slides-wrapper elementor-main-swiper swiper\" role=\"region\" aria-roledescription=\"carousel\" aria-label=\"Slides\" dir=\"ltr\" data-animation=\"fadeInUp\">\n\t\t\t\t<div class=\"swiper-wrapper elementor-slides\">\n\t\t\t\t\t\t\t\t\t\t<div class=\"elementor-repeater-item-e6a7162 swiper-slide\" role=\"group\" aria-roledescription=\"slide\"><div class=\"swiper-slide-bg\" role=\"img\"><\/div><div class=\"swiper-slide-inner\" ><div class=\"swiper-slide-contents\"><div class=\"elementor-slide-heading\">PROGRAMA DE VIVIENDA AGROINDUSTRIAL Y URBANA A NIVEL NACIONAL<\/div><\/div><\/div><\/div>\t\t\t\t<\/div>\n\t\t\t\t\t\t\t<\/div>\n\t\t\t\t<\/div>\n\t\t\t\t\t\t\t\t<\/div>\n\t\t\t\t<\/div>\n\t\t\t\t\t<\/div>\n\t\t<\/div>\n\t\t\t\t\t<\/div>\n\t\t<\/section>\n\t\t\t\t<section class=\"elementor-section elementor-top-section elementor-element elementor-element-bfdc34e elementor-section-boxed elementor-section-height-default elementor-section-height-default\" data-id=\"bfdc34e\" data-element_type=\"section\">\n\t\t\t\t\t\t<div class=\"elementor-container elementor-column-gap-default\">\n\t\t\t\t\t<div class=\"elementor-column elementor-col-100 elementor-top-column elementor-element elementor-element-f5dfd41\" data-id=\"f5dfd41\" data-element_type=\"column\">\n\t\t\t<div class=\"elementor-widget-wrap elementor-element-populated\">\n\t\t\t\t\t\t<section class=\"elementor-section elementor-inner-section elementor-element elementor-element-3f0a87e elementor-section-boxed elementor-section-height-default elementor-section-height-default\" data-id=\"3f0a87e\" data-element_type=\"section\">\n\t\t\t\t\t\t<div class=\"elementor-container elementor-column-gap-default\">\n\t\t\t\t\t<div class=\"elementor-column elementor-col-50 elementor-inner-column elementor-element elementor-element-47f3822\" data-id=\"47f3822\" data-element_type=\"column\">\n\t\t\t<div class=\"elementor-widget-wrap elementor-element-populated\">\n\t\t\t\t\t\t<div class=\"elementor-element elementor-element-8a34305 elementor-widget elementor-widget-spacer\" data-id=\"8a34305\" data-element_type=\"widget\" data-widget_type=\"spacer.default\">\n\t\t\t\t<div class=\"elementor-widget-container\">\n\t\t\t\t\t\t\t<div class=\"elementor-spacer\">\n\t\t\t<div class=\"elementor-spacer-inner\"><\/div>\n\t\t<\/div>\n\t\t\t\t\t\t<\/div>\n\t\t\t\t<\/div>\n\t\t\t\t<div class=\"elementor-element elementor-element-57ca324 elementor-widget elementor-widget-text-editor\" data-id=\"57ca324\" data-element_type=\"widget\" data-widget_type=\"text-editor.default\">\n\t\t\t\t<div class=\"elementor-widget-container\">\n\t\t\t\t\t\t\t\t\t<p class=\"font_2 wixui-rich-text__text\"><span class=\"color_15 wixui-rich-text__text\"><span class=\"wixui-rich-text__text\">Registrado ante el Ministerio de Vivienda ciudad y territorio 17-02-2022 Direcci\u00f3n de inversi\u00f3n en vivienda de inter\u00e9s social, Registro del proyecto de vivienda agroindustrial Villa de Dios Colombia rural y urbano C\u00f3digo de radicaci\u00f3n 2022ER0020823.<\/span><\/span><\/p><p class=\"font_2 wixui-rich-text__text\"><span class=\"color_15 wixui-rich-text__text\"><span class=\"wixui-rich-text__text\">La Constructora INGEAMBIENTALES S.A.S NIT 900.418.839-2<br class=\"wixui-rich-text__text\" \/>en convenio con Coopfeagropaz#20 y con la entidad territorial para adquisici\u00f3n de predios, Permisos, Licencias, Dise\u00f1os arquitect\u00f3nicos e inicio de construcci\u00f3n de vivienda Agroindustrial. INGEAMBIENTALES S.A.S en convenio con SUNINGER S.A.S implementara las energ\u00edas renovables.<\/span><\/span><\/p>\t\t\t\t\t\t\t\t<\/div>\n\t\t\t\t<\/div>\n\t\t\t\t\t<\/div>\n\t\t<\/div>\n\t\t\t\t<div class=\"elementor-column elementor-col-50 elementor-inner-column elementor-element elementor-element-a3bf251\" data-id=\"a3bf251\" data-element_type=\"column\">\n\t\t\t<div class=\"elementor-widget-wrap elementor-element-populated\">\n\t\t\t\t\t\t<div class=\"elementor-element elementor-element-b8ebedc elementor-widget elementor-widget-spacer\" data-id=\"b8ebedc\" data-element_type=\"widget\" data-widget_type=\"spacer.default\">\n\t\t\t\t<div class=\"elementor-widget-container\">\n\t\t\t\t\t\t\t<div class=\"elementor-spacer\">\n\t\t\t<div class=\"elementor-spacer-inner\"><\/div>\n\t\t<\/div>\n\t\t\t\t\t\t<\/div>\n\t\t\t\t<\/div>\n\t\t\t\t<div class=\"elementor-element elementor-element-5e74ed6 elementor-widget elementor-widget-image\" data-id=\"5e74ed6\" data-element_type=\"widget\" data-widget_type=\"image.default\">\n\t\t\t\t<div class=\"elementor-widget-container\">\n\t\t\t\t\t\t\t\t\t\t\t\t\t\t\t<img fetchpriority=\"high\" decoding=\"async\" width=\"521\" height=\"300\" src=\"https:\/\/coopfeagropaz.org\/wp-content\/uploads\/2025\/09\/brouchour-de-ingeambientales-sas_page-0002.png\" class=\"attachment-large size-large wp-image-828\" alt=\"\" srcset=\"https:\/\/coopfeagropaz.org\/wp-content\/uploads\/2025\/09\/brouchour-de-ingeambientales-sas_page-0002.png 521w, https:\/\/coopfeagropaz.org\/wp-content\/uploads\/2025\/09\/brouchour-de-ingeambientales-sas_page-0002-300x173.png 300w\" sizes=\"(max-width: 521px) 100vw, 521px\" \/>\t\t\t\t\t\t\t\t\t\t\t\t\t\t\t<\/div>\n\t\t\t\t<\/div>\n\t\t\t\t\t<\/div>\n\t\t<\/div>\n\t\t\t\t\t<\/div>\n\t\t<\/section>\n\t\t\t\t\t<\/div>\n\t\t<\/div>\n\t\t\t\t\t<\/div>\n\t\t<\/section>\n\t\t\t\t<section class=\"elementor-section elementor-top-section elementor-element elementor-element-4b82556 elementor-section-boxed elementor-section-height-default elementor-section-height-default\" data-id=\"4b82556\" data-element_type=\"section\">\n\t\t\t\t\t\t<div class=\"elementor-container elementor-column-gap-default\">\n\t\t\t\t\t<div class=\"elementor-column elementor-col-100 elementor-top-column elementor-element elementor-element-c9091b1\" data-id=\"c9091b1\" data-element_type=\"column\">\n\t\t\t<div class=\"elementor-widget-wrap elementor-element-populated\">\n\t\t\t\t\t\t<div class=\"elementor-element elementor-element-e9d8a41 elementor-widget elementor-widget-image\" data-id=\"e9d8a41\" data-element_type=\"widget\" data-widget_type=\"image.default\">\n\t\t\t\t<div class=\"elementor-widget-container\">\n\t\t\t\t\t\t\t\t\t\t\t\t\t\t\t<img decoding=\"async\" width=\"1024\" height=\"124\" src=\"https:\/\/coopfeagropaz.org\/wp-content\/uploads\/2025\/09\/Captura-de-pantalla-2025-08-15-151102-1024x124.png\" class=\"attachment-large size-large wp-image-941\" alt=\"\" srcset=\"https:\/\/coopfeagropaz.org\/wp-content\/uploads\/2025\/09\/Captura-de-pantalla-2025-08-15-151102-1024x124.png 1024w, https:\/\/coopfeagropaz.org\/wp-content\/uploads\/2025\/09\/Captura-de-pantalla-2025-08-15-151102-300x36.png 300w, https:\/\/coopfeagropaz.org\/wp-content\/uploads\/2025\/09\/Captura-de-pantalla-2025-08-15-151102-768x93.png 768w, https:\/\/coopfeagropaz.org\/wp-content\/uploads\/2025\/09\/Captura-de-pantalla-2025-08-15-151102.png 1107w\" sizes=\"(max-width: 1024px) 100vw, 1024px\" \/>\t\t\t\t\t\t\t\t\t\t\t\t\t\t\t<\/div>\n\t\t\t\t<\/div>\n\t\t\t\t\t<\/div>\n\t\t<\/div>\n\t\t\t\t\t<\/div>\n\t\t<\/section>\n\t\t\t\t<section class=\"elementor-section elementor-top-section elementor-element elementor-element-24d2af2 elementor-section-boxed elementor-section-height-default elementor-section-height-default\" data-id=\"24d2af2\" data-element_type=\"section\">\n\t\t\t\t\t\t<div class=\"elementor-container elementor-column-gap-default\">\n\t\t\t\t\t<div class=\"elementor-column elementor-col-100 elementor-top-column elementor-element elementor-element-30586c7\" data-id=\"30586c7\" data-element_type=\"column\">\n\t\t\t<div class=\"elementor-widget-wrap elementor-element-populated\">\n\t\t\t\t\t\t<div class=\"elementor-element elementor-element-7c5eb68 elementor-widget elementor-widget-text-editor\" data-id=\"7c5eb68\" data-element_type=\"widget\" data-widget_type=\"text-editor.default\">\n\t\t\t\t<div class=\"elementor-widget-container\">\n\t\t\t\t\t\t\t\t\t<p>Ejecutaremos Con el acompa\u00f1amiento de CONFEAGRO ONG, CONFEBIOAGRO ONG, SENA NACIONAL; SENA ASTIN, FONDO EMPRENDER, C A M P E SENA, EL GOBIERNO LOCAL Y SUS INSTITUCIONES, ASOPAEZ, ASOPANT, SUNINGER, INGEAMBIENTALES SAS, VENATO, FUNDACION EL CAMINO, FUNES 23, FCRD, FUNDACARH, ECOFITSOS, BANCAMIDEC, PALANCAS, AQUAGRARIA, JM Y TODAS LAS COMUNIDADES INDIGENAS, AFROS Y CAMPESINAS, SON BIENVENIDAS A PARTICIPAR DEL INICIO DE LA REFORMA AGRARIA EN COLOMBIA, A TRAVES DEL lineamiento DEL COOPERATIVISMO.<\/p>\t\t\t\t\t\t\t\t<\/div>\n\t\t\t\t<\/div>\n\t\t\t\t\t<\/div>\n\t\t<\/div>\n\t\t\t\t\t<\/div>\n\t\t<\/section>\n\t\t\t\t<\/div>\n\t\t","protected":false},"excerpt":{"rendered":"<p>PROGRAMA DE VIVIENDA AGROINDUSTRIAL Y URBANA A NIVEL NACIONAL Registrado ante el Ministerio de Vivienda ciudad y territorio 17-02-2022 Direcci\u00f3n [&hellip;]<\/p>\n","protected":false},"author":1,"featured_media":0,"parent":0,"menu_order":0,"comment_status":"closed","ping_status":"closed","template":"","meta":{"site-sidebar-layout":"no-sidebar","site-content-layout":"","ast-site-content-layout":"full-width-container","site-content-style":"default","site-sidebar-style":"default","ast-global-header-display":"","ast-banner-title-visibility":"","ast-main-header-display":"","ast-hfb-above-header-display":"","ast-hfb-below-header-display":"","ast-hfb-mobile-header-display":"","site-post-title":"disabled","ast-breadcrumbs-content":"","ast-featured-img":"disabled","footer-sml-layout":"","theme-transparent-header-meta":"","adv-header-id-meta":"","stick-header-meta":"","header-above-stick-meta":"","header-main-stick-meta":"","header-below-stick-meta":"","astra-migrate-meta-layouts":"default","ast-page-background-enabled":"default","ast-page-background-meta":{"desktop":{"background-color":"var(--ast-global-color-4)","background-image":"","background-repeat":"repeat","background-position":"center center","background-size":"auto","background-attachment":"scroll","background-type":"","background-media":"","overlay-type":"","overlay-color":"","overlay-opacity":"","overlay-gradient":""},"tablet":{"background-color":"","background-image":"","background-repeat":"repeat","background-position":"center center","background-size":"auto","background-attachment":"scroll","background-type":"","background-media":"","overlay-type":"","overlay-color":"","overlay-opacity":"","overlay-gradient":""},"mobile":{"background-color":"","background-image":"","background-repeat":"repeat","background-position":"center center","background-size":"auto","background-attachment":"scroll","background-type":"","background-media":"","overlay-type":"","overlay-color":"","overlay-opacity":"","overlay-gradient":""}},"ast-content-background-meta":{"desktop":{"background-color":"var(--ast-global-color-5)","background-image":"","background-repeat":"repeat","background-position":"center center","background-size":"auto","background-attachment":"scroll","background-type":"","background-media":"","overlay-type":"","overlay-color":"","overlay-opacity":"","overlay-gradient":""},"tablet":{"background-color":"var(--ast-global-color-5)","background-image":"","background-repeat":"repeat","background-position":"center center","background-size":"auto","background-attachment":"scroll","background-type":"","background-media":"","overlay-type":"","overlay-color":"","overlay-opacity":"","overlay-gradient":""},"mobile":{"background-color":"var(--ast-global-color-5)","background-image":"","background-repeat":"repeat","background-position":"center center","background-size":"auto","background-attachment":"scroll","background-type":"","background-media":"","overlay-type":"","overlay-color":"","overlay-opacity":"","overlay-gradient":""}},"footnotes":""},"class_list":["post-1078","page","type-page","status-publish","hentry"],"_links":{"self":[{"href":"https:\/\/coopfeagropaz.org\/index.php\/wp-json\/wp\/v2\/pages\/1078","targetHints":{"allow":["GET"]}}],"collection":[{"href":"https:\/\/coopfeagropaz.org\/index.php\/wp-json\/wp\/v2\/pages"}],"about":[{"href":"https:\/\/coopfeagropaz.org\/index.php\/wp-json\/wp\/v2\/types\/page"}],"author":[{"embeddable":true,"href":"https:\/\/coopfeagropaz.org\/index.php\/wp-json\/wp\/v2\/users\/1"}],"replies":[{"embeddable":true,"href":"https:\/\/coopfeagropaz.org\/index.php\/wp-json\/wp\/v2\/comments?post=1078"}],"version-history":[{"count":10,"href":"https:\/\/coopfeagropaz.org\/index.php\/wp-json\/wp\/v2\/pages\/1078\/revisions"}],"predecessor-version":[{"id":1089,"href":"https:\/\/coopfeagropaz.org\/index.php\/wp-json\/wp\/v2\/pages\/1078\/revisions\/1089"}],"wp:attachment":[{"href":"https:\/\/coopfeagropaz.org\/index.php\/wp-json\/wp\/v2\/media?parent=1078"}],"curies":[{"name":"wp","href":"https:\/\/api.w.org\/{rel}","templated":true}]}}